{"id":59188,"date":"2025-12-18T10:40:21","date_gmt":"2025-12-18T13:40:21","guid":{"rendered":"https:\/\/coc.ufrj.br\/laboratorio-de-informatica-labpec\/"},"modified":"2025-12-23T22:08:45","modified_gmt":"2025-12-24T01:08:45","slug":"laboratorio-de-informatica-labpec","status":"publish","type":"page","link":"https:\/\/coc.ufrj.br\/es\/laboratorio-de-informatica-labpec\/","title":{"rendered":"Laboratorio de Inform\u00e1tica &#8211; LABPEC"},"content":{"rendered":"\t\t<div data-elementor-type=\"wp-post\" data-elementor-id=\"59188\" class=\"elementor elementor-59188 elementor-59186\" data-elementor-post-type=\"page\">\n\t\t\t\t<div class=\"elementor-element elementor-element-6bc24990 e-flex e-con-boxed e-con e-parent\" data-id=\"6bc24990\" data-element_type=\"container\" data-e-type=\"container\">\n\t\t\t\t\t<div class=\"e-con-inner\">\n\t\t\t\t<div class=\"elementor-element elementor-element-7f8f0db9 premium-title-color elementor-widget elementor-widget-premium-addon-title\" data-id=\"7f8f0db9\" data-element_type=\"widget\" data-e-type=\"widget\" data-settings=\"{&quot;_animation_tablet&quot;:&quot;none&quot;,&quot;_animation_mobile&quot;:&quot;none&quot;}\" data-widget_type=\"premium-addon-title.default\">\n\t\t\t\t<div class=\"elementor-widget-container\">\n\t\t\t\t\t\r\n\t\t<div class=\"premium-title-container style5\">\r\n\t\t\t<h3 class=\"premium-title-header premium-title-style5\">\r\n\t\t\t\t\r\n\t\t\t\t\r\n\t\t\t\t\t\t\t\t\t\t\t\t<span class=\"premium-title-text\">\r\n\t\t\t\t\tLaboratorio de Inform\u00e1tica - LABPEC\t\t\t\t<\/span>\r\n\t\t\t\t\t\r\n\t\t\t\t\t\t\t\t\r\n\t\t\t\t\t\t\t<\/h3>\r\n\r\n\t\t<\/div>\r\n\r\n\t\t\t\t\t\t<\/div>\n\t\t\t\t<\/div>\n\t\t\t\t\t<\/div>\n\t\t\t\t<\/div>\n\t\t<div class=\"elementor-element elementor-element-7618b10f e-flex e-con-boxed e-con e-parent\" data-id=\"7618b10f\" data-element_type=\"container\" data-e-type=\"container\">\n\t\t\t\t\t<div class=\"e-con-inner\">\n\t\t\t\t<div class=\"elementor-element elementor-element-414c28f5 premium-title-color elementor-widget elementor-widget-premium-addon-title\" data-id=\"414c28f5\" data-element_type=\"widget\" data-e-type=\"widget\" data-settings=\"{&quot;_animation_tablet&quot;:&quot;none&quot;,&quot;_animation_mobile&quot;:&quot;none&quot;}\" data-widget_type=\"premium-addon-title.default\">\n\t\t\t\t<div class=\"elementor-widget-container\">\n\t\t\t\t\t\r\n\t\t<div class=\"premium-title-container style2\">\r\n\t\t\t<h3 class=\"premium-title-header premium-title-style2\">\r\n\t\t\t\t\r\n\t\t\t\t\r\n\t\t\t\t\t\t\t\t\t\t\t\t<span class=\"premium-title-text\">\r\n\t\t\t\t\tProfesor responsable\t\t\t\t<\/span>\r\n\t\t\t\t\t\r\n\t\t\t\t\t\t\t\t\r\n\t\t\t\t\t\t\t<\/h3>\r\n\r\n\t\t<\/div>\r\n\r\n\t\t\t\t\t\t<\/div>\n\t\t\t\t<\/div>\n\t\t\t\t<div class=\"elementor-element elementor-element-738c6502 elementor-widget elementor-widget-wpspeedo_team\" data-id=\"738c6502\" data-element_type=\"widget\" data-e-type=\"widget\" data-widget_type=\"wpspeedo_team.default\">\n\t\t\t\t<div class=\"elementor-widget-container\">\n\t\t\t\t\t\n<div data-widget-id=\"31\" id=\"wps-widget--team-31\" style=\"visibility: hidden; opacity: 0\" class=\"wps-container wps-widget wps-widget--team wps-team-theme--square-01 wps-team--type-grid wps-team-card-action--single-page wps-team--social-hover-up wps-team--thumbnail-shad\">\n    \n    \n    <div class=\"wps-container--inner\">\n\n                \n        \n            <div class=\"wps-row\">\n\n                \n                                \n                    <div class=\"wps-col wps-widget--item wps-widget--item-908 \">\n                        <div class=\"wpspeedo-team--single\">\n                            <div class=\"wps-team--single-inner\">\n                                \n                                <div class=\"team-member--thumbnail-wrapper wps-team--member-element\"><div class=\"team-member--thumbnail\"><a href=\"https:\/\/coc.ufrj.br\/es\/wps-members\/rogerio-pinto-espindola\/\" class=\"wpspeedo-team--url\" aria-label=\"Read More about Rog\u00e9rio  Pinto Esp\u00edndola.\"><img fetchpriority=\"high\" decoding=\"async\" width=\"574\" height=\"767\" src=\"https:\/\/coc.ufrj.br\/wp-content\/uploads\/2025\/12\/Captura-de-tela-2025-12-08-094807.png\" class=\"attachment- size- wp-post-image\" alt=\"\" srcset=\"https:\/\/coc.ufrj.br\/wp-content\/uploads\/2025\/12\/Captura-de-tela-2025-12-08-094807.png 574w, https:\/\/coc.ufrj.br\/wp-content\/uploads\/2025\/12\/Captura-de-tela-2025-12-08-094807-374x500.png 374w, https:\/\/coc.ufrj.br\/wp-content\/uploads\/2025\/12\/Captura-de-tela-2025-12-08-094807-225x300.png 225w, https:\/\/coc.ufrj.br\/wp-content\/uploads\/2025\/12\/Captura-de-tela-2025-12-08-094807-205x274.png 205w, https:\/\/coc.ufrj.br\/wp-content\/uploads\/2025\/12\/Captura-de-tela-2025-12-08-094807-480x641.png 480w, https:\/\/coc.ufrj.br\/wp-content\/uploads\/2025\/12\/Captura-de-tela-2025-12-08-094807-56x75.png 56w\" sizes=\"(max-width:767px) 480px, 574px\" \/><\/a><\/div><\/div><h3 class=\"wps-team--member-title wps-team--member-element team-member--link\"><a href=\"https:\/\/coc.ufrj.br\/es\/wps-members\/rogerio-pinto-espindola\/\" class=\"wpspeedo-team--url\">Rog\u00e9rio  Pinto Esp\u00edndola<\/a><\/h3><h4 class=\"wps-team--member-desig wps-team--member-element\">Professor Pleno<\/h4><div class=\"wps-team--divider-wrapper wps-team--member-element\"><div class=\"wps-team--divider\"><\/div><\/div>\n                            <\/div>\n                        <\/div>\n                    <\/div>\n\n                    \n                        \n            <\/div>\n\n        \n                \n        <div class=\"wps-team--not-found-wrapper\">\n            <div class=\"wps-team--not-found\">No se han encontrado resultados<\/div>\n        <\/div>\n\n        \n    <\/div>\n\n        \n<\/div>\t\t\t\t<\/div>\n\t\t\t\t<\/div>\n\t\t\t\t\t<\/div>\n\t\t\t\t<\/div>\n\t\t<div class=\"elementor-element elementor-element-1f4095d9 e-flex e-con-boxed e-con e-parent\" data-id=\"1f4095d9\" data-element_type=\"container\" data-e-type=\"container\">\n\t\t\t\t\t<div class=\"e-con-inner\">\n\t\t\t\t<div class=\"elementor-element elementor-element-3ebb1d5 premium-title-color elementor-widget elementor-widget-premium-addon-title\" data-id=\"3ebb1d5\" data-element_type=\"widget\" data-e-type=\"widget\" data-settings=\"{&quot;_animation_tablet&quot;:&quot;none&quot;,&quot;_animation_mobile&quot;:&quot;none&quot;}\" data-widget_type=\"premium-addon-title.default\">\n\t\t\t\t<div class=\"elementor-widget-container\">\n\t\t\t\t\t\r\n\t\t<div class=\"premium-title-container style2\">\r\n\t\t\t<h3 class=\"premium-title-header premium-title-style2\">\r\n\t\t\t\t\r\n\t\t\t\t\r\n\t\t\t\t\t\t\t\t\t\t\t\t<span class=\"premium-title-text\">\r\n\t\t\t\t\tDescripci\u00f3n\t\t\t\t<\/span>\r\n\t\t\t\t\t\r\n\t\t\t\t\t\t\t\t\r\n\t\t\t\t\t\t\t<\/h3>\r\n\r\n\t\t<\/div>\r\n\r\n\t\t\t\t\t\t<\/div>\n\t\t\t\t<\/div>\n\t\t\t\t<div class=\"elementor-element elementor-element-673825cc elementor-widget elementor-widget-text-editor\" data-id=\"673825cc\" data-element_type=\"widget\" data-e-type=\"widget\" data-widget_type=\"text-editor.default\">\n\t\t\t\t<div class=\"elementor-widget-container\">\n\t\t\t\t\t\t\t\t\t<p style=\"text-align: left;\">El Laboratorio de Inform\u00e1tica, situado en el aula B-103, adem\u00e1s de atender a los alumnos del programa, se encarga de prestar apoyo operativo a la coordinaci\u00f3n, secretar\u00eda acad\u00e9mica, profesores y otros laboratorios, contribuyendo al buen funcionamiento de las actividades acad\u00e9micas, administrativas y de investigaci\u00f3n.<\/p>\t\t\t\t\t\t\t\t<\/div>\n\t\t\t\t<\/div>\n\t\t\t\t\t<\/div>\n\t\t\t\t<\/div>\n\t\t<div class=\"elementor-element elementor-element-7fa4be36 e-flex e-con-boxed e-con e-parent\" data-id=\"7fa4be36\" data-element_type=\"container\" data-e-type=\"container\">\n\t\t\t\t\t<div class=\"e-con-inner\">\n\t\t\t\t<div class=\"elementor-element elementor-element-20b35370 elementor-skin-carousel elementor-arrows-yes elementor-pagination-type-bullets elementor-pagination-position-outside elementor-widget elementor-widget-media-carousel\" data-id=\"20b35370\" data-element_type=\"widget\" data-e-type=\"widget\" data-settings=\"{&quot;slides_per_view&quot;:&quot;1&quot;,&quot;skin&quot;:&quot;carousel&quot;,&quot;effect&quot;:&quot;slide&quot;,&quot;show_arrows&quot;:&quot;yes&quot;,&quot;pagination&quot;:&quot;bullets&quot;,&quot;speed&quot;:500,&quot;autoplay&quot;:&quot;yes&quot;,&quot;autoplay_speed&quot;:5000,&quot;loop&quot;:&quot;yes&quot;,&quot;pause_on_hover&quot;:&quot;yes&quot;,&quot;pause_on_interaction&quot;:&quot;yes&quot;,&quot;space_between&quot;:{&quot;unit&quot;:&quot;px&quot;,&quot;size&quot;:10,&quot;sizes&quot;:[]},&quot;space_between_tablet&quot;:{&quot;unit&quot;:&quot;px&quot;,&quot;size&quot;:10,&quot;sizes&quot;:[]},&quot;space_between_mobile&quot;:{&quot;unit&quot;:&quot;px&quot;,&quot;size&quot;:10,&quot;sizes&quot;:[]}}\" data-widget_type=\"media-carousel.default\">\n\t\t\t\t<div class=\"elementor-widget-container\">\n\t\t\t\t\t\t\t\t\t<div class=\"elementor-swiper\">\n\t\t\t\t\t<div class=\"elementor-main-swiper swiper\" role=\"region\" aria-roledescription=\"carousel\" aria-label=\"Slides\">\n\t\t\t\t<div class=\"swiper-wrapper\">\n\t\t\t\t\t\t\t\t\t\t\t<div class=\"swiper-slide\" role=\"group\" aria-roledescription=\"slide\">\n\t\t\t\t\t\t\t\t\t<div class=\"elementor-carousel-image\" role=\"img\" aria-label=\"Lab_computing_edit\" style=\"background-image: url(&#039;https:\/\/coc.ufrj.br\/wp-content\/uploads\/2025\/12\/Lab_computacao_edit.jpg&#039;)\">\n\n\t\t\t\n\t\t\t\t\t<\/div>\n\t\t\t\t\t\t\t\t<\/div>\n\t\t\t\t\t\t\t\t\t<\/div>\n\t\t\t\t\t\t\t<\/div>\n\t\t\t\t<\/div>\n\t\t\t\t\t\t\t\t<\/div>\n\t\t\t\t<\/div>\n\t\t\t\t\t<\/div>\n\t\t\t\t<\/div>\n\t\t<div class=\"elementor-element elementor-element-1e3a8571 e-flex e-con-boxed e-con e-parent\" data-id=\"1e3a8571\" data-element_type=\"container\" data-e-type=\"container\">\n\t\t\t\t\t<div class=\"e-con-inner\">\n\t\t\t\t<div class=\"elementor-element elementor-element-3941b03 premium-title-color elementor-widget elementor-widget-premium-addon-title\" data-id=\"3941b03\" data-element_type=\"widget\" data-e-type=\"widget\" data-settings=\"{&quot;_animation_tablet&quot;:&quot;none&quot;,&quot;_animation_mobile&quot;:&quot;none&quot;}\" data-widget_type=\"premium-addon-title.default\">\n\t\t\t\t<div class=\"elementor-widget-container\">\n\t\t\t\t\t\r\n\t\t<div class=\"premium-title-container style2\">\r\n\t\t\t<h3 class=\"premium-title-header premium-title-style2\">\r\n\t\t\t\t\r\n\t\t\t\t\r\n\t\t\t\t\t\t\t\t\t\t\t\t<span class=\"premium-title-text\">\r\n\t\t\t\t\tInfraestructura\t\t\t\t<\/span>\r\n\t\t\t\t\t\r\n\t\t\t\t\t\t\t\t\r\n\t\t\t\t\t\t\t<\/h3>\r\n\r\n\t\t<\/div>\r\n\r\n\t\t\t\t\t\t<\/div>\n\t\t\t\t<\/div>\n\t\t\t\t\t<\/div>\n\t\t\t\t<\/div>\n\t\t<div class=\"elementor-element elementor-element-7db0ee80 e-flex e-con-boxed e-con e-parent\" data-id=\"7db0ee80\" data-element_type=\"container\" data-e-type=\"container\">\n\t\t\t\t\t<div class=\"e-con-inner\">\n\t\t\t\t<div class=\"elementor-element elementor-element-5b3c4fec elementor-widget elementor-widget-text-editor\" data-id=\"5b3c4fec\" data-element_type=\"widget\" data-e-type=\"widget\" data-widget_type=\"text-editor.default\">\n\t\t\t\t<div class=\"elementor-widget-container\">\n\t\t\t\t\t\t\t\t\t<p>La infraestructura del Laboratorio de Inform\u00e1tica cuenta con varios ordenadores disponibles para uso acad\u00e9mico, que ofrecen apoyo a las actividades docentes, de investigaci\u00f3n y administrativas. El entorno es adecuado para desarrollar trabajos inform\u00e1ticos, acceder a software especializado y apoyar las rutinas de estudiantes, profesores y personal de apoyo. <\/p>\t\t\t\t\t\t\t\t<\/div>\n\t\t\t\t<\/div>\n\t\t\t\t\t<\/div>\n\t\t\t\t<\/div>\n\t\t<div class=\"elementor-element elementor-element-7e59c8a1 e-flex e-con-boxed e-con e-parent\" data-id=\"7e59c8a1\" data-element_type=\"container\" data-e-type=\"container\">\n\t\t\t\t\t<div class=\"e-con-inner\">\n\t\t\t\t<div class=\"elementor-element elementor-element-39ca66b premium-title-color elementor-widget elementor-widget-premium-addon-title\" data-id=\"39ca66b\" data-element_type=\"widget\" data-e-type=\"widget\" data-settings=\"{&quot;_animation_tablet&quot;:&quot;none&quot;,&quot;_animation_mobile&quot;:&quot;none&quot;}\" data-widget_type=\"premium-addon-title.default\">\n\t\t\t\t<div class=\"elementor-widget-container\">\n\t\t\t\t\t\r\n\t\t<div class=\"premium-title-container style2\">\r\n\t\t\t<h3 class=\"premium-title-header premium-title-style2\">\r\n\t\t\t\t\r\n\t\t\t\t\r\n\t\t\t\t\t\t\t\t\t\t\t\t<span class=\"premium-title-text\">\r\n\t\t\t\t\tPersonal t\u00e9cnico y administrativo\t\t\t\t<\/span>\r\n\t\t\t\t\t\r\n\t\t\t\t\t\t\t\t\r\n\t\t\t\t\t\t\t<\/h3>\r\n\r\n\t\t<\/div>\r\n\r\n\t\t\t\t\t\t<\/div>\n\t\t\t\t<\/div>\n\t\t\t\t\t<\/div>\n\t\t\t\t<\/div>\n\t\t<div class=\"elementor-element elementor-element-341c00cc e-flex e-con-boxed e-con e-parent\" data-id=\"341c00cc\" data-element_type=\"container\" data-e-type=\"container\">\n\t\t\t\t\t<div class=\"e-con-inner\">\n\t\t\t\t<div class=\"elementor-element elementor-element-1d231dcf elementor-widget elementor-widget-text-editor\" data-id=\"1d231dcf\" data-element_type=\"widget\" data-e-type=\"widget\" data-widget_type=\"text-editor.default\">\n\t\t\t\t<div class=\"elementor-widget-container\">\n\t\t\t\t\t\t\t\t\t<h4><strong>Empleados<\/strong><\/h4><ul><li><p>Marcelo de Carvalho &#8211; Director de TI<\/p><\/li><li><p>Gustavo Luiz &#8211; Analista de TI<\/p><\/li><li><p>Celso Pelizari &#8211; T\u00e9cnico Inform\u00e1tico<\/p><\/li><\/ul>\t\t\t\t\t\t\t\t<\/div>\n\t\t\t\t<\/div>\n\t\t\t\t\t<\/div>\n\t\t\t\t<\/div>\n\t\t<div class=\"elementor-element elementor-element-14bfe43e e-flex e-con-boxed e-con e-parent\" data-id=\"14bfe43e\" data-element_type=\"container\" data-e-type=\"container\">\n\t\t\t\t\t<div class=\"e-con-inner\">\n\t\t\t\t<div class=\"elementor-element elementor-element-5a0cf001 elementor-widget elementor-widget-spacer\" data-id=\"5a0cf001\" data-element_type=\"widget\" data-e-type=\"widget\" data-widget_type=\"spacer.default\">\n\t\t\t\t<div class=\"elementor-widget-container\">\n\t\t\t\t\t\t\t<div class=\"elementor-spacer\">\n\t\t\t<div class=\"elementor-spacer-inner\"><\/div>\n\t\t<\/div>\n\t\t\t\t\t\t<\/div>\n\t\t\t\t<\/div>\n\t\t\t\t\t<\/div>\n\t\t\t\t<\/div>\n\t\t\t\t<\/div>\n\t\t","protected":false},"excerpt":{"rendered":"<p>Laboratorio de Inform\u00e1tica &#8211; LABPEC Profesor responsable Only Admin &#038; Editor can see this link Rog\u00e9rio Pinto Espindola Professor Pleno No Results Found Descripci\u00f3n El Laboratorio<span class=\"excerpt-hellip\"> [\u2026]<\/span><\/p>\n","protected":false},"author":1,"featured_media":0,"parent":0,"menu_order":0,"comment_status":"open","ping_status":"open","template":"","meta":{"footnotes":""},"class_list":["post-59188","page","type-page","status-publish","hentry"],"_links":{"self":[{"href":"https:\/\/coc.ufrj.br\/es\/wp-json\/wp\/v2\/pages\/59188","targetHints":{"allow":["GET"]}}],"collection":[{"href":"https:\/\/coc.ufrj.br\/es\/wp-json\/wp\/v2\/pages"}],"about":[{"href":"https:\/\/coc.ufrj.br\/es\/wp-json\/wp\/v2\/types\/page"}],"author":[{"embeddable":true,"href":"https:\/\/coc.ufrj.br\/es\/wp-json\/wp\/v2\/users\/1"}],"replies":[{"embeddable":true,"href":"https:\/\/coc.ufrj.br\/es\/wp-json\/wp\/v2\/comments?post=59188"}],"version-history":[{"count":4,"href":"https:\/\/coc.ufrj.br\/es\/wp-json\/wp\/v2\/pages\/59188\/revisions"}],"predecessor-version":[{"id":60351,"href":"https:\/\/coc.ufrj.br\/es\/wp-json\/wp\/v2\/pages\/59188\/revisions\/60351"}],"wp:attachment":[{"href":"https:\/\/coc.ufrj.br\/es\/wp-json\/wp\/v2\/media?parent=59188"}],"curies":[{"name":"wp","href":"https:\/\/api.w.org\/{rel}","templated":true}]}}