{"id":58001,"date":"2024-11-28T16:50:42","date_gmt":"2024-11-28T19:50:42","guid":{"rendered":"https:\/\/coc.ufrj.br\/destacados\/"},"modified":"2025-12-24T10:53:41","modified_gmt":"2025-12-24T13:53:41","slug":"destacados","status":"publish","type":"page","link":"https:\/\/coc.ufrj.br\/es\/destacados\/","title":{"rendered":"Destacados"},"content":{"rendered":"\t\t<div data-elementor-type=\"wp-page\" data-elementor-id=\"58001\" class=\"elementor elementor-58001 elementor-124\" data-elementor-post-type=\"page\">\n\t\t\t\t<div class=\"elementor-element elementor-element-29515468 e-flex e-con-boxed e-con e-parent\" data-id=\"29515468\" data-element_type=\"container\" data-e-type=\"container\">\n\t\t\t\t\t<div class=\"e-con-inner\">\n\t\t\t\t<div class=\"elementor-element elementor-element-54c6513a premium-title-color elementor-widget elementor-widget-premium-addon-title\" data-id=\"54c6513a\" data-element_type=\"widget\" data-e-type=\"widget\" data-settings=\"{&quot;_animation_tablet&quot;:&quot;none&quot;,&quot;_animation_mobile&quot;:&quot;none&quot;}\" data-widget_type=\"premium-addon-title.default\">\n\t\t\t\t<div class=\"elementor-widget-container\">\n\t\t\t\t\t\r\n\t\t<div class=\"premium-title-container style5\">\r\n\t\t\t<h3 class=\"premium-title-header premium-title-style5\">\r\n\t\t\t\t\r\n\t\t\t\t\r\n\t\t\t\t\t\t\t\t\t\t\t\t<span class=\"premium-title-text\">\r\n\t\t\t\t\tDestacados\t\t\t\t<\/span>\r\n\t\t\t\t\t\r\n\t\t\t\t\t\t\t\t\r\n\t\t\t\t\t\t\t<\/h3>\r\n\r\n\t\t<\/div>\r\n\r\n\t\t\t\t\t\t<\/div>\n\t\t\t\t<\/div>\n\t\t\t\t\t<\/div>\n\t\t\t\t<\/div>\n\t\t<div class=\"elementor-element elementor-element-6d63c216 e-flex e-con-boxed e-con e-parent\" data-id=\"6d63c216\" data-element_type=\"container\" data-e-type=\"container\">\n\t\t\t\t\t<div class=\"e-con-inner\">\n\t\t\t\t<div class=\"elementor-element elementor-element-a7b2e31 premium-title-color elementor-widget elementor-widget-premium-addon-title\" data-id=\"a7b2e31\" data-element_type=\"widget\" data-e-type=\"widget\" data-settings=\"{&quot;_animation_tablet&quot;:&quot;none&quot;,&quot;_animation_mobile&quot;:&quot;none&quot;}\" data-widget_type=\"premium-addon-title.default\">\n\t\t\t\t<div class=\"elementor-widget-container\">\n\t\t\t\t\t\r\n\t\t<div class=\"premium-title-container style2\">\r\n\t\t\t<h3 class=\"premium-title-header premium-title-style2\">\r\n\t\t\t\t\r\n\t\t\t\t\r\n\t\t\t\t\t\t\t\t\t\t\t\t<span class=\"premium-title-text\">\r\n\t\t\t\t\tNovedades\t\t\t\t<\/span>\r\n\t\t\t\t\t\r\n\t\t\t\t\t\t\t\t\r\n\t\t\t\t\t\t\t<\/h3>\r\n\r\n\t\t<\/div>\r\n\r\n\t\t\t\t\t\t<\/div>\n\t\t\t\t<\/div>\n\t\t\t\t\t<\/div>\n\t\t\t\t<\/div>\n\t\t<div class=\"elementor-element elementor-element-d7496ca e-flex e-con-boxed e-con e-parent\" data-id=\"d7496ca\" data-element_type=\"container\" data-e-type=\"container\">\n\t\t\t\t\t<div class=\"e-con-inner\">\n\t\t\t\t<div class=\"elementor-element elementor-element-2d1f2d8f premium-smart-listing__1 elementor-widget__width-initial premium-no-featured-yes premium-smart-listing__zoomin premium-loading-animation__slide-up elementor-widget elementor-widget-premium-smart-post-listing\" data-id=\"2d1f2d8f\" data-element_type=\"widget\" data-e-type=\"widget\" data-settings=\"{&quot;listing_cols&quot;:&quot;1&quot;,&quot;pa_spl_skin&quot;:&quot;skin-1&quot;}\" data-widget_type=\"premium-smart-post-listing.default\">\n\t\t\t\t<div class=\"elementor-widget-container\">\n\t\t\t\t\t\t\t\t<div class=\"premium-smart-listing__wrapper premium-slide-up\" data-page=\"58001\">\r\n\t\t\t\t<div class=\"premium-smart-listing__header-wrapper\">\r\n\t\t\t\t\t\t\t\t\t\t<div class=\"premium-smart-listing__navigation-outer-container\">\r\n\t\t\t\t\t\t\t\t\t\t\t\t\t\t\t\t\t<\/div>\r\n\t\t\t\t<\/div>\r\n\t\t\t\t<div class=\"premium-smart-listing__posts-outer-wrapper premium-smart-listing__skin-1\">\r\n\t\t\t\t\t\t\t<div class=\"premium-smart-listing__featured-posts-wrapper\">\r\n\t\t\t<div class=\"premium-smart-listing__featured-post-wrapper premium-smart-listing__grid-item\">\r\n\t\t\t\t<div class=\"premium-smart-listing__post-thumbnail-wrapper\">\r\n\t\t\t\t\t\t\t<div class=\"premium-smart-listing__cat-container\">\r\n\t\t\t<ul class=\"post-categories\">\r\n\t\t\t\t<li><a href=\"https:\/\/coc.ufrj.br\/es\/category\/noticias-y-eventos\/\" class=\"premium-smart-listing__category  elementor-repeater-item-a569a12\">Noticias y Eventos<\/a><\/li>\t\t\t<\/ul>\r\n\t\t<\/div>\r\n\t\t\t\t\t\t\t<div class=\"premium-smart-listing__thumbnail-container\" style=\"background-image: url(https:\/\/coc.ufrj.br\/wp-content\/uploads\/2024\/11\/Fernando-Luiz-Bastos-Ribeiro.jpg);\">\r\n\t\t\t\t\t\t\t\t\t\t<\/div>\r\n\t\t\t\t\t<div class=\"premium-smart-listing__thumbnail-overlay\">\r\n\t\t\t\t\t\t<a class=\"elementor-icon\" href=\"https:\/\/coc.ufrj.br\/es\/despedida-a-fernando-luiz-bastos-ribeiro\/\" target=\"_blank\" aria-hidden=\"true\"><\/a>\r\n\t\t\t\t\t<\/div>\r\n\t\t\t\t<\/div>\r\n\t\t\t\t<div class=\"premium-smart-listing__post-content-wrapper\">\r\n\t\t\t\t\t<div class=\"premium-smart-listing__post-title-wrapper\"> \t\t<h4 class=\"premium-smart-listing__post-title\">\r\n\t\t\t<a href=\"https:\/\/coc.ufrj.br\/es\/despedida-a-fernando-luiz-bastos-ribeiro\/\" target=\"_blank\">\r\n\t\t\t\tDespedida a Fernando Luiz Bastos Ribeiro\t\t\t<\/a>\r\n\t\t<\/h4>\r\n\t\t <\/div>\r\n\t\t\t\t\t<div class=\"premium-smart-listing__post-meta-container \"> \t\t\t\r\n\t\t\t\r\n\t\t\t\r\n\t\t\t\t\t <\/div>\r\n\t\t\t\t\t\t\t\t\t<\/div>\r\n\t\t\t<\/div>\r\n\t\t<\/div>\r\n\r\n\t\t\t\t\t\t\t\t\t<div class=\"premium-smart-listing__posts-wrapper\">\r\n\t\t\t\t\t\t\t\t\t\t<div class=\"premium-smart-listing__post-wrapper premium-smart-listing__grid-item\" data-total=\"5\">\r\n\t\t\t\t\t\t\t\t\t<div class=\"premium-smart-listing__post-thumbnail-wrapper\">\r\n\t\t\t\t\t\t<div class=\"premium-smart-listing__thumbnail-container\" style=\"background-image:url(https:\/\/coc.ufrj.br\/wp-content\/uploads\/2025\/03\/443732727_869757555184733_8633163666742490742_n.jpg)\" >\r\n\t\t\t\t\t\t\t\t\t\t\t\t<\/div>\r\n\t\t\t\t\t\t<div class=\"premium-smart-listing__thumbnail-overlay\">\r\n\t\t\t\t\t\t\t<a class=\"elementor-icon\" href=\"https:\/\/coc.ufrj.br\/es\/nelson-ebecken-recibe-el-titulo-de-profesor-emerito-de-la-ufrj-por-sus-destacadas-contribuciones-a-la-ingenieria-y-la-investigacion\/\" target=\"_blank\" aria-hidden=\"true\"><\/a>\r\n\t\t\t\t\t\t<\/div>\r\n\t\t\t\t\t<\/div>\r\n\t\t\t\t\t\t\t\t\t\t<div class=\"premium-smart-listing__post-content-wrapper\">\r\n\t\t\t\t\t\t\t\t<div class=\"premium-smart-listing__cat-container\">\r\n\t\t\t<ul class=\"post-categories\">\r\n\t\t\t\t<li><a href=\"https:\/\/coc.ufrj.br\/es\/category\/noticias-y-eventos\/\" class=\"premium-smart-listing__category  elementor-repeater-item-a569a12\">Noticias y Eventos<\/a><\/li>\t\t\t<\/ul>\r\n\t\t<\/div>\r\n\t\t\t\t\t\t\t\t<div class=\"premium-smart-listing__post-title-wrapper\"> \t\t<h4 class=\"premium-smart-listing__post-title\">\r\n\t\t\t<a href=\"https:\/\/coc.ufrj.br\/es\/nelson-ebecken-recibe-el-titulo-de-profesor-emerito-de-la-ufrj-por-sus-destacadas-contribuciones-a-la-ingenieria-y-la-investigacion\/\" target=\"_blank\">\r\n\t\t\t\tNelson Ebecken recibe el t\u00edtulo de Profesor Em\u00e9rito de la UFRJ por sus destacadas contribuciones a la ingenier\u00eda y la investigaci\u00f3n\t\t\t<\/a>\r\n\t\t<\/h4>\r\n\t\t  <\/div>\r\n\t\t\t\t\t\t<div class=\"premium-smart-listing__post-meta-container \"> \t\t\t\r\n\t\t\t\t\t\t\t<span class=\"premium-smart-listing__meta-separator\">\u22c5<\/span>\r\n\t\t\t\t<div class=\"premium-smart-listing__post-time premium-smart-listing__post-meta\">\r\n\t\t\t\t\t<i class=\"fa fa-clock-o\" aria-hidden=\"true\"><\/i>\r\n\t\t\t\t\t<span>23 de diciembre de 2025<\/span>\r\n\t\t\t\t<\/div>\r\n\t\t\t\r\n\t\t\t\r\n\t\t\t\t\t <\/div>\r\n\t\t\t\t\t\t\t\t\t\t\t<\/div>\r\n\t\t\t<\/div>\r\n\r\n\t\t\t\t\t<div class=\"premium-smart-listing__post-wrapper premium-smart-listing__grid-item\" data-total=\"5\">\r\n\t\t\t\t\t\t\t\t\t<div class=\"premium-smart-listing__post-thumbnail-wrapper\">\r\n\t\t\t\t\t\t<div class=\"premium-smart-listing__thumbnail-container\" style=\"background-image:url(https:\/\/coc.ufrj.br\/wp-content\/uploads\/2025\/07\/1willy-lacerda.jpg)\" >\r\n\t\t\t\t\t\t\t\t\t\t\t\t<\/div>\r\n\t\t\t\t\t\t<div class=\"premium-smart-listing__thumbnail-overlay\">\r\n\t\t\t\t\t\t\t<a class=\"elementor-icon\" href=\"https:\/\/coc.ufrj.br\/es\/se-anuncia-que-el-profesor-willy-a-lacerda-es-uno-de-los-galardonados-con-la-medalla-internacional-a-la-trayectoria-profesional-ilam-de-la-issmge-de-2025\/\" target=\"_blank\" aria-hidden=\"true\"><\/a>\r\n\t\t\t\t\t\t<\/div>\r\n\t\t\t\t\t<\/div>\r\n\t\t\t\t\t\t\t\t\t\t<div class=\"premium-smart-listing__post-content-wrapper\">\r\n\t\t\t\t\t\t\t\t<div class=\"premium-smart-listing__cat-container\">\r\n\t\t\t<ul class=\"post-categories\">\r\n\t\t\t\t<li><a href=\"https:\/\/coc.ufrj.br\/es\/category\/premios\/\" class=\"premium-smart-listing__category  elementor-repeater-item-a569a12\">Premios<\/a><\/li>\t\t\t<\/ul>\r\n\t\t<\/div>\r\n\t\t\t\t\t\t\t\t<div class=\"premium-smart-listing__post-title-wrapper\"> \t\t<h4 class=\"premium-smart-listing__post-title\">\r\n\t\t\t<a href=\"https:\/\/coc.ufrj.br\/es\/se-anuncia-que-el-profesor-willy-a-lacerda-es-uno-de-los-galardonados-con-la-medalla-internacional-a-la-trayectoria-profesional-ilam-de-la-issmge-de-2025\/\" target=\"_blank\">\r\n\t\t\t\tSe anuncia que el Profesor Willy A. Lacerda es uno de los galardonados con la Medalla Internacional a la Trayectoria Profesional (ILAM) de la ISSMGE de 2025.\t\t\t<\/a>\r\n\t\t<\/h4>\r\n\t\t  <\/div>\r\n\t\t\t\t\t\t<div class=\"premium-smart-listing__post-meta-container \"> \t\t\t\r\n\t\t\t\t\t\t\t<span class=\"premium-smart-listing__meta-separator\">\u22c5<\/span>\r\n\t\t\t\t<div class=\"premium-smart-listing__post-time premium-smart-listing__post-meta\">\r\n\t\t\t\t\t<i class=\"fa fa-clock-o\" aria-hidden=\"true\"><\/i>\r\n\t\t\t\t\t<span>23 de diciembre de 2025<\/span>\r\n\t\t\t\t<\/div>\r\n\t\t\t\r\n\t\t\t\r\n\t\t\t\t\t <\/div>\r\n\t\t\t\t\t\t\t\t\t\t\t<\/div>\r\n\t\t\t<\/div>\r\n\r\n\t\t\t\t\t<div class=\"premium-smart-listing__post-wrapper premium-smart-listing__grid-item\" data-total=\"5\">\r\n\t\t\t\t\t\t\t\t\t<div class=\"premium-smart-listing__post-thumbnail-wrapper\">\r\n\t\t\t\t\t\t<div class=\"premium-smart-listing__thumbnail-container\" style=\"background-image:url(https:\/\/coc.ufrj.br\/wp-content\/uploads\/2025\/03\/image-12.png)\" >\r\n\t\t\t\t\t\t\t\t\t\t\t\t<\/div>\r\n\t\t\t\t\t\t<div class=\"premium-smart-listing__thumbnail-overlay\">\r\n\t\t\t\t\t\t\t<a class=\"elementor-icon\" href=\"https:\/\/coc.ufrj.br\/es\/el-profesor-marcio-almeida-elegido-miembro-de-la-ane\/\" target=\"_blank\" aria-hidden=\"true\"><\/a>\r\n\t\t\t\t\t\t<\/div>\r\n\t\t\t\t\t<\/div>\r\n\t\t\t\t\t\t\t\t\t\t<div class=\"premium-smart-listing__post-content-wrapper\">\r\n\t\t\t\t\t\t\t\t<div class=\"premium-smart-listing__cat-container\">\r\n\t\t\t<ul class=\"post-categories\">\r\n\t\t\t\t<li><a href=\"https:\/\/coc.ufrj.br\/es\/category\/noticias-y-eventos\/\" class=\"premium-smart-listing__category  elementor-repeater-item-a569a12\">Noticias y Eventos<\/a><\/li>\t\t\t<\/ul>\r\n\t\t<\/div>\r\n\t\t\t\t\t\t\t\t<div class=\"premium-smart-listing__post-title-wrapper\"> \t\t<h4 class=\"premium-smart-listing__post-title\">\r\n\t\t\t<a href=\"https:\/\/coc.ufrj.br\/es\/el-profesor-marcio-almeida-elegido-miembro-de-la-ane\/\" target=\"_blank\">\r\n\t\t\t\tEl profesor Marcio Almeida elegido miembro de la ANE\t\t\t<\/a>\r\n\t\t<\/h4>\r\n\t\t  <\/div>\r\n\t\t\t\t\t\t<div class=\"premium-smart-listing__post-meta-container \"> \t\t\t\r\n\t\t\t\t\t\t\t<span class=\"premium-smart-listing__meta-separator\">\u22c5<\/span>\r\n\t\t\t\t<div class=\"premium-smart-listing__post-time premium-smart-listing__post-meta\">\r\n\t\t\t\t\t<i class=\"fa fa-clock-o\" aria-hidden=\"true\"><\/i>\r\n\t\t\t\t\t<span>23 de diciembre de 2025<\/span>\r\n\t\t\t\t<\/div>\r\n\t\t\t\r\n\t\t\t\r\n\t\t\t\t\t <\/div>\r\n\t\t\t\t\t\t\t\t\t\t\t<\/div>\r\n\t\t\t<\/div>\r\n\r\n\t\t\r\n\t\t\t\t\t\t\t\t\t<\/div>\r\n\t\t\t\t\r\n\t\t\t\t\t\t\t\t<\/div>\r\n\t\t\t\t\r\n\t\t\t\t\t\t\t<\/div>\r\n\t\t\t\t\t\t<\/div>\n\t\t\t\t<\/div>\n\t\t\t\t\t<\/div>\n\t\t\t\t<\/div>\n\t\t<div class=\"elementor-element elementor-element-c533ee4 e-flex e-con-boxed e-con e-parent\" data-id=\"c533ee4\" data-element_type=\"container\" data-e-type=\"container\">\n\t\t\t\t\t<div class=\"e-con-inner\">\n\t\t\t\t<div class=\"elementor-element elementor-element-b58d121 premium-title-color elementor-widget elementor-widget-premium-addon-title\" data-id=\"b58d121\" data-element_type=\"widget\" data-e-type=\"widget\" data-settings=\"{&quot;_animation_tablet&quot;:&quot;none&quot;,&quot;_animation_mobile&quot;:&quot;none&quot;}\" data-widget_type=\"premium-addon-title.default\">\n\t\t\t\t<div class=\"elementor-widget-container\">\n\t\t\t\t\t\r\n\t\t<div class=\"premium-title-container style2\">\r\n\t\t\t<h3 class=\"premium-title-header premium-title-style2\">\r\n\t\t\t\t\r\n\t\t\t\t\r\n\t\t\t\t\t\t\t\t\t\t\t\t<span class=\"premium-title-text\">\r\n\t\t\t\t\tCalendario de Defensa\t\t\t\t<\/span>\r\n\t\t\t\t\t\r\n\t\t\t\t\t\t\t\t\r\n\t\t\t\t\t\t\t<\/h3>\r\n\r\n\t\t<\/div>\r\n\r\n\t\t\t\t\t\t<\/div>\n\t\t\t\t<\/div>\n\t\t\t\t<div class=\"elementor-element elementor-element-dfa7a94 elementor-widget elementor-widget-html\" data-id=\"dfa7a94\" data-element_type=\"widget\" data-e-type=\"widget\" data-widget_type=\"html.default\">\n\t\t\t\t<div class=\"elementor-widget-container\">\n\t\t\t\t\t<iframe src=\"https:\/\/calendar.google.com\/calendar\/embed?height=600&amp;wkst=1&amp;ctz=America%2FSao_Paulo&amp;showPrint=0&amp;mode=AGENDA&amp;src=Y29jLnVmcmouYnJfa2U5NTZhcmtuNjNhdW1zOXFnMGJkNGQ2aDRAZ3JvdXAuY2FsZW5kYXIuZ29vZ2xlLmNvbQ&amp;color=%231badf8\" style=\"border:solid 1px #777\" width=\"800\" height=\"600\" frameborder=\"0\" scrolling=\"no\"><\/iframe>\t\t\t\t<\/div>\n\t\t\t\t<\/div>\n\t\t\t\t<div class=\"elementor-element elementor-element-95e620d elementor-widget elementor-widget-spacer\" data-id=\"95e620d\" data-element_type=\"widget\" data-e-type=\"widget\" data-widget_type=\"spacer.default\">\n\t\t\t\t<div class=\"elementor-widget-container\">\n\t\t\t\t\t\t\t<div class=\"elementor-spacer\">\n\t\t\t<div class=\"elementor-spacer-inner\"><\/div>\n\t\t<\/div>\n\t\t\t\t\t\t<\/div>\n\t\t\t\t<\/div>\n\t\t\t\t\t<\/div>\n\t\t\t\t<\/div>\n\t\t\t\t<\/div>\n\t\t","protected":false},"excerpt":{"rendered":"<p>Destacados Novedades Noticias y Eventos Despedida a Fernando Luiz Bastos Ribeiro Noticias y Eventos Nelson Ebecken recibe el t\u00edtulo de Profesor Em\u00e9rito de la UFRJ por<span class=\"excerpt-hellip\"> [\u2026]<\/span><\/p>\n","protected":false},"author":1,"featured_media":0,"parent":0,"menu_order":0,"comment_status":"closed","ping_status":"closed","template":"","meta":{"footnotes":""},"class_list":["post-58001","page","type-page","status-publish","hentry"],"_links":{"self":[{"href":"https:\/\/coc.ufrj.br\/es\/wp-json\/wp\/v2\/pages\/58001","targetHints":{"allow":["GET"]}}],"collection":[{"href":"https:\/\/coc.ufrj.br\/es\/wp-json\/wp\/v2\/pages"}],"about":[{"href":"https:\/\/coc.ufrj.br\/es\/wp-json\/wp\/v2\/types\/page"}],"author":[{"embeddable":true,"href":"https:\/\/coc.ufrj.br\/es\/wp-json\/wp\/v2\/users\/1"}],"replies":[{"embeddable":true,"href":"https:\/\/coc.ufrj.br\/es\/wp-json\/wp\/v2\/comments?post=58001"}],"version-history":[{"count":24,"href":"https:\/\/coc.ufrj.br\/es\/wp-json\/wp\/v2\/pages\/58001\/revisions"}],"predecessor-version":[{"id":60698,"href":"https:\/\/coc.ufrj.br\/es\/wp-json\/wp\/v2\/pages\/58001\/revisions\/60698"}],"wp:attachment":[{"href":"https:\/\/coc.ufrj.br\/es\/wp-json\/wp\/v2\/media?parent=58001"}],"curies":[{"name":"wp","href":"https:\/\/api.w.org\/{rel}","templated":true}]}}