{"id":57891,"date":"2025-09-04T21:52:15","date_gmt":"2025-09-05T00:52:15","guid":{"rendered":"https:\/\/coc.ufrj.br\/biblioteca\/"},"modified":"2025-12-23T20:07:27","modified_gmt":"2025-12-23T23:07:27","slug":"biblioteca","status":"publish","type":"page","link":"https:\/\/coc.ufrj.br\/es\/biblioteca\/","title":{"rendered":"Biblioteca"},"content":{"rendered":"\t\t<div data-elementor-type=\"wp-page\" data-elementor-id=\"57891\" class=\"elementor elementor-57891 elementor-38969\" data-elementor-post-type=\"page\">\n\t\t\t\t<div class=\"elementor-element elementor-element-523c2c3a e-flex e-con-boxed e-con e-parent\" data-id=\"523c2c3a\" data-element_type=\"container\" data-e-type=\"container\">\n\t\t\t\t\t<div class=\"e-con-inner\">\n\t\t\t\t<div class=\"elementor-element elementor-element-162bac14 premium-title-color elementor-widget elementor-widget-premium-addon-title\" data-id=\"162bac14\" data-element_type=\"widget\" data-e-type=\"widget\" data-settings=\"{&quot;_animation_tablet&quot;:&quot;none&quot;,&quot;_animation_mobile&quot;:&quot;none&quot;}\" data-widget_type=\"premium-addon-title.default\">\n\t\t\t\t<div class=\"elementor-widget-container\">\n\t\t\t\t\t\r\n\t\t<div class=\"premium-title-container style5\">\r\n\t\t\t<h3 class=\"premium-title-header premium-title-style5\">\r\n\t\t\t\t\r\n\t\t\t\t\r\n\t\t\t\t\t\t\t\t\t\t\t\t<span class=\"premium-title-text\">\r\n\t\t\t\t\tBiblioteca Professor Dirceu de Alencar Velloso\t\t\t\t<\/span>\r\n\t\t\t\t\t\r\n\t\t\t\t\t\t\t\t\r\n\t\t\t\t\t\t\t<\/h3>\r\n\r\n\t\t<\/div>\r\n\r\n\t\t\t\t\t\t<\/div>\n\t\t\t\t<\/div>\n\t\t\t\t\t<\/div>\n\t\t\t\t<\/div>\n\t\t<div class=\"elementor-element elementor-element-2b395008 e-flex e-con-boxed e-con e-parent\" data-id=\"2b395008\" data-element_type=\"container\" data-e-type=\"container\">\n\t\t\t\t\t<div class=\"e-con-inner\">\n\t\t\t\t<div class=\"elementor-element elementor-element-1090a9fb elementor-widget elementor-widget-text-editor\" data-id=\"1090a9fb\" data-element_type=\"widget\" data-e-type=\"widget\" data-widget_type=\"text-editor.default\">\n\t\t\t\t<div class=\"elementor-widget-container\">\n\t\t\t\t\t\t\t\t\t<p>La <strong>Biblioteca Profesor Dirceu de Alencar Velloso (BPDAV)<\/strong> est\u00e1 situada en el edificio contiguo al <strong>Centro de<\/strong> Tecnolog\u00eda y fue inaugurada el <strong>20 de septiembre de 2006<\/strong>. Debe su nombre al Profesor <strong>Dirceu de Alencar Velloso<\/strong>, uno de los fundadores del Programa de Ingenier\u00eda Civil del COPPE.   <\/p><p><span style=\"text-align: var(--text-align); letter-spacing: 0px;\">Nuestra colecci\u00f3n incluye <\/span><strong style=\"text-align: var(--text-align); letter-spacing: 0px;\">unos 10.000 ejemplares<\/strong><span style=\"text-align: var(--text-align); letter-spacing: 0px;\">todos donados, que abarcan diversas \u00e1reas del conocimiento. <\/span> <\/p>\t\t\t\t\t\t\t\t<\/div>\n\t\t\t\t<\/div>\n\t\t\t\t\t<\/div>\n\t\t\t\t<\/div>\n\t\t<div class=\"elementor-element elementor-element-69910136 e-flex e-con-boxed e-con e-parent\" data-id=\"69910136\" data-element_type=\"container\" data-e-type=\"container\">\n\t\t\t\t\t<div class=\"e-con-inner\">\n\t\t\t\t<div class=\"elementor-element elementor-element-66f1e311 premium-title-color elementor-widget elementor-widget-premium-addon-title\" data-id=\"66f1e311\" data-element_type=\"widget\" data-e-type=\"widget\" data-settings=\"{&quot;_animation_tablet&quot;:&quot;none&quot;,&quot;_animation_mobile&quot;:&quot;none&quot;}\" data-widget_type=\"premium-addon-title.default\">\n\t\t\t\t<div class=\"elementor-widget-container\">\n\t\t\t\t\t\r\n\t\t<div class=\"premium-title-container style2\">\r\n\t\t\t<h3 class=\"premium-title-header premium-title-style2\">\r\n\t\t\t\t\r\n\t\t\t\t\r\n\t\t\t\t\t\t\t\t\t\t\t\t<span class=\"premium-title-text\">\r\n\t\t\t\t\tHorario de Apertura\t\t\t\t<\/span>\r\n\t\t\t\t\t\r\n\t\t\t\t\t\t\t\t\r\n\t\t\t\t\t\t\t<\/h3>\r\n\r\n\t\t<\/div>\r\n\r\n\t\t\t\t\t\t<\/div>\n\t\t\t\t<\/div>\n\t\t\t\t<div class=\"elementor-element elementor-element-ce22988 elementor-widget elementor-widget-text-editor\" data-id=\"ce22988\" data-element_type=\"widget\" data-e-type=\"widget\" data-widget_type=\"text-editor.default\">\n\t\t\t\t<div class=\"elementor-widget-container\">\n\t\t\t\t\t\t\t\t\t<p>De lunes a viernes, de 9.30 a 16.30 h.<\/p>\t\t\t\t\t\t\t\t<\/div>\n\t\t\t\t<\/div>\n\t\t\t\t\t<\/div>\n\t\t\t\t<\/div>\n\t\t<div class=\"elementor-element elementor-element-87ddc0c e-flex e-con-boxed e-con e-parent\" data-id=\"87ddc0c\" data-element_type=\"container\" data-e-type=\"container\">\n\t\t\t\t\t<div class=\"e-con-inner\">\n\t\t\t\t<div class=\"elementor-element elementor-element-f2b82d2 premium-title-color elementor-widget elementor-widget-premium-addon-title\" data-id=\"f2b82d2\" data-element_type=\"widget\" data-e-type=\"widget\" data-settings=\"{&quot;_animation_tablet&quot;:&quot;none&quot;,&quot;_animation_mobile&quot;:&quot;none&quot;}\" data-widget_type=\"premium-addon-title.default\">\n\t\t\t\t<div class=\"elementor-widget-container\">\n\t\t\t\t\t\r\n\t\t<div class=\"premium-title-container style2\">\r\n\t\t\t<h3 class=\"premium-title-header premium-title-style2\">\r\n\t\t\t\t\r\n\t\t\t\t\r\n\t\t\t\t\t\t\t\t\t\t\t\t<span class=\"premium-title-text\">\r\n\t\t\t\t\tServicios y Pr\u00e9stamos\t\t\t\t<\/span>\r\n\t\t\t\t\t\r\n\t\t\t\t\t\t\t\t\r\n\t\t\t\t\t\t\t<\/h3>\r\n\r\n\t\t<\/div>\r\n\r\n\t\t\t\t\t\t<\/div>\n\t\t\t\t<\/div>\n\t\t\t\t<div class=\"elementor-element elementor-element-0f499ef elementor-widget elementor-widget-text-editor\" data-id=\"0f499ef\" data-element_type=\"widget\" data-e-type=\"widget\" data-widget_type=\"text-editor.default\">\n\t\t\t\t<div class=\"elementor-widget-container\">\n\t\t\t\t\t\t\t\t\t<p>BPDAV ofrece apoyo para la <strong>investigaci\u00f3n y el estudio<\/strong>, ayudando a estudiantes e investigadores a acceder a materiales acad\u00e9micos.  <\/p><p><img decoding=\"async\" class=\"emoji\" role=\"img\" draggable=\"false\" src=\"https:\/\/s.w.org\/images\/core\/emoji\/17.0.2\/svg\/1f4da.svg\" alt=\"\ud83d\udcda\"> Pr\u00e9stamos:<\/p><ul><li>Los alumnos pueden retirar <strong>hasta 4 objetos<\/strong> (libros, tesis, etc.)<\/li><li>Plazos de devoluci\u00f3n: <strong>7, 14 \u00f3 30 d\u00edas<\/strong>, seg\u00fan la categor\u00eda del material<\/li><\/ul>\t\t\t\t\t\t\t\t<\/div>\n\t\t\t\t<\/div>\n\t\t\t\t\t<\/div>\n\t\t\t\t<\/div>\n\t\t<div class=\"elementor-element elementor-element-c17adb1 e-flex e-con-boxed e-con e-parent\" data-id=\"c17adb1\" data-element_type=\"container\" data-e-type=\"container\">\n\t\t\t\t\t<div class=\"e-con-inner\">\n\t\t\t\t<div class=\"elementor-element elementor-element-d7cc8b2 premium-title-color elementor-widget elementor-widget-premium-addon-title\" data-id=\"d7cc8b2\" data-element_type=\"widget\" data-e-type=\"widget\" data-settings=\"{&quot;_animation_tablet&quot;:&quot;none&quot;,&quot;_animation_mobile&quot;:&quot;none&quot;}\" data-widget_type=\"premium-addon-title.default\">\n\t\t\t\t<div class=\"elementor-widget-container\">\n\t\t\t\t\t\r\n\t\t<div class=\"premium-title-container style2\">\r\n\t\t\t<h3 class=\"premium-title-header premium-title-style2\">\r\n\t\t\t\t\r\n\t\t\t\t\r\n\t\t\t\t\t\t\t\t\t\t\t\t<span class=\"premium-title-text\">\r\n\t\t\t\t\tContacta con Nosotros\t\t\t\t<\/span>\r\n\t\t\t\t\t\r\n\t\t\t\t\t\t\t\t\r\n\t\t\t\t\t\t\t<\/h3>\r\n\r\n\t\t<\/div>\r\n\r\n\t\t\t\t\t\t<\/div>\n\t\t\t\t<\/div>\n\t\t\t\t<div class=\"elementor-element elementor-element-5b569fd elementor-widget elementor-widget-text-editor\" data-id=\"5b569fd\" data-element_type=\"widget\" data-e-type=\"widget\" data-widget_type=\"text-editor.default\">\n\t\t\t\t<div class=\"elementor-widget-container\">\n\t\t\t\t\t\t\t\t\t<p><img decoding=\"async\" class=\"emoji\" role=\"img\" draggable=\"false\" src=\"https:\/\/s.w.org\/images\/core\/emoji\/17.0.2\/svg\/1f4e7.svg\" alt=\"\ud83d\udce7\"> <strong>E-mail<\/strong>: <a rel=\"noopener\">biblioteca@coc.ufrj.br<\/a> <\/p><p><img decoding=\"async\" class=\"emoji\" role=\"img\" draggable=\"false\" src=\"https:\/\/s.w.org\/images\/core\/emoji\/17.0.2\/svg\/1f4de.svg\" alt=\"\ud83d\udcde\"> <strong>Telefone<\/strong>: (21) 3938-7776<\/p>\t\t\t\t\t\t\t\t<\/div>\n\t\t\t\t<\/div>\n\t\t\t\t\t<\/div>\n\t\t\t\t<\/div>\n\t\t<div class=\"elementor-element elementor-element-14f3ba00 e-flex e-con-boxed e-con e-parent\" data-id=\"14f3ba00\" data-element_type=\"container\" data-e-type=\"container\">\n\t\t\t\t\t<div class=\"e-con-inner\">\n\t\t\t\t<div class=\"elementor-element elementor-element-4e78272e elementor-widget elementor-widget-spacer\" data-id=\"4e78272e\" data-element_type=\"widget\" data-e-type=\"widget\" data-widget_type=\"spacer.default\">\n\t\t\t\t<div class=\"elementor-widget-container\">\n\t\t\t\t\t\t\t<div class=\"elementor-spacer\">\n\t\t\t<div class=\"elementor-spacer-inner\"><\/div>\n\t\t<\/div>\n\t\t\t\t\t\t<\/div>\n\t\t\t\t<\/div>\n\t\t\t\t\t<\/div>\n\t\t\t\t<\/div>\n\t\t\t\t<\/div>\n\t\t","protected":false},"excerpt":{"rendered":"<p>Biblioteca Professor Dirceu de Alencar Velloso La Biblioteca Profesor Dirceu de Alencar Velloso (BPDAV) est\u00e1 situada en el edificio contiguo al Centro de Tecnolog\u00eda y fue<span class=\"excerpt-hellip\"> [\u2026]<\/span><\/p>\n","protected":false},"author":1,"featured_media":0,"parent":0,"menu_order":0,"comment_status":"closed","ping_status":"closed","template":"","meta":{"footnotes":""},"class_list":["post-57891","page","type-page","status-publish","hentry"],"_links":{"self":[{"href":"https:\/\/coc.ufrj.br\/es\/wp-json\/wp\/v2\/pages\/57891","targetHints":{"allow":["GET"]}}],"collection":[{"href":"https:\/\/coc.ufrj.br\/es\/wp-json\/wp\/v2\/pages"}],"about":[{"href":"https:\/\/coc.ufrj.br\/es\/wp-json\/wp\/v2\/types\/page"}],"author":[{"embeddable":true,"href":"https:\/\/coc.ufrj.br\/es\/wp-json\/wp\/v2\/users\/1"}],"replies":[{"embeddable":true,"href":"https:\/\/coc.ufrj.br\/es\/wp-json\/wp\/v2\/comments?post=57891"}],"version-history":[{"count":5,"href":"https:\/\/coc.ufrj.br\/es\/wp-json\/wp\/v2\/pages\/57891\/revisions"}],"predecessor-version":[{"id":60185,"href":"https:\/\/coc.ufrj.br\/es\/wp-json\/wp\/v2\/pages\/57891\/revisions\/60185"}],"wp:attachment":[{"href":"https:\/\/coc.ufrj.br\/es\/wp-json\/wp\/v2\/media?parent=57891"}],"curies":[{"name":"wp","href":"https:\/\/api.w.org\/{rel}","templated":true}]}}