{"id":57838,"date":"2025-03-03T09:49:11","date_gmt":"2025-03-03T12:49:11","guid":{"rendered":"https:\/\/coc.ufrj.br\/laboratorios\/"},"modified":"2025-12-23T20:12:40","modified_gmt":"2025-12-23T23:12:40","slug":"laboratorios","status":"publish","type":"page","link":"https:\/\/coc.ufrj.br\/es\/laboratorios\/","title":{"rendered":"Laboratorios"},"content":{"rendered":"\t\t<div data-elementor-type=\"wp-page\" data-elementor-id=\"57838\" class=\"elementor elementor-57838 elementor-1159\" data-elementor-post-type=\"page\">\n\t\t\t\t<div class=\"elementor-element elementor-element-4a68f539 e-flex e-con-boxed e-con e-parent\" data-id=\"4a68f539\" data-element_type=\"container\" data-e-type=\"container\">\n\t\t\t\t\t<div class=\"e-con-inner\">\n\t\t\t\t<div class=\"elementor-element elementor-element-dcd5f14 premium-title-color elementor-widget elementor-widget-premium-addon-title\" data-id=\"dcd5f14\" data-element_type=\"widget\" data-e-type=\"widget\" data-settings=\"{&quot;_animation_tablet&quot;:&quot;none&quot;,&quot;_animation_mobile&quot;:&quot;none&quot;}\" data-widget_type=\"premium-addon-title.default\">\n\t\t\t\t<div class=\"elementor-widget-container\">\n\t\t\t\t\t\r\n\t\t<div class=\"premium-title-container style5\">\r\n\t\t\t<h3 class=\"premium-title-header premium-title-style5\">\r\n\t\t\t\t\r\n\t\t\t\t\r\n\t\t\t\t\t\t\t\t\t\t\t\t<span class=\"premium-title-text\">\r\n\t\t\t\t\tLaboratorios\t\t\t\t<\/span>\r\n\t\t\t\t\t\r\n\t\t\t\t\t\t\t\t\r\n\t\t\t\t\t\t\t<\/h3>\r\n\r\n\t\t<\/div>\r\n\r\n\t\t\t\t\t\t<\/div>\n\t\t\t\t<\/div>\n\t\t\t\t\t<\/div>\n\t\t\t\t<\/div>\n\t\t<div class=\"elementor-element elementor-element-521ea02 e-flex e-con-boxed e-con e-parent\" data-id=\"521ea02\" data-element_type=\"container\" data-e-type=\"container\">\n\t\t\t\t\t<div class=\"e-con-inner\">\n\t\t\t\t<div class=\"elementor-element elementor-element-8012542 elementor-widget elementor-widget-text-editor\" data-id=\"8012542\" data-element_type=\"widget\" data-e-type=\"widget\" data-widget_type=\"text-editor.default\">\n\t\t\t\t<div class=\"elementor-widget-container\">\n\t\t\t\t\t\t\t\t\t<p>El Programa de Ingenier\u00eda Civil (PEC) cuenta con una amplia y especializada infraestructura formada por diversos laboratorios que desempe\u00f1an un papel esencial en el apoyo a la investigaci\u00f3n, el desarrollo y la innovaci\u00f3n en las diferentes \u00e1reas de la ingenier\u00eda civil. Estos espacios re\u00fanen recursos avanzados y equipos cualificados, promoviendo la generaci\u00f3n de conocimiento t\u00e9cnico y cient\u00edfico y contribuyendo a la realizaci\u00f3n de estudios y proyectos que tengan un impacto positivo en el campo de la ingenier\u00eda y sus aplicaciones pr\u00e1cticas. <\/p>\t\t\t\t\t\t\t\t<\/div>\n\t\t\t\t<\/div>\n\t\t\t\t\t<\/div>\n\t\t\t\t<\/div>\n\t\t<div class=\"elementor-element elementor-element-fe76c20 e-flex e-con-boxed e-con e-parent\" data-id=\"fe76c20\" data-element_type=\"container\" data-e-type=\"container\">\n\t\t\t\t\t<div class=\"e-con-inner\">\n\t\t<div class=\"elementor-element elementor-element-c676661 e-con-full e-flex e-con e-child\" data-id=\"c676661\" data-element_type=\"container\" data-e-type=\"container\">\n\t\t\t\t<div class=\"elementor-element elementor-element-1c9300f elementor-widget elementor-widget-image\" data-id=\"1c9300f\" data-element_type=\"widget\" data-e-type=\"widget\" data-widget_type=\"image.default\">\n\t\t\t\t<div class=\"elementor-widget-container\">\n\t\t\t\t\t\t\t\t\t\t\t\t<figure class=\"wp-caption\">\n\t\t\t\t\t\t\t\t\t\t\t<a href=\"https:\/\/coc.ufrj.br\/es\/elementor-58920\/\">\n\t\t\t\t\t\t\t<img decoding=\"async\" width=\"260\" height=\"150\" src=\"https:\/\/coc.ufrj.br\/wp-content\/uploads\/2025\/12\/Design-sem-nome-29.png\" class=\"attachment-large size-large wp-image-59117\" alt=\"\" srcset=\"https:\/\/coc.ufrj.br\/wp-content\/uploads\/2025\/12\/Design-sem-nome-29.png 260w, https:\/\/coc.ufrj.br\/wp-content\/uploads\/2025\/12\/Design-sem-nome-29-205x118.png 205w, https:\/\/coc.ufrj.br\/wp-content\/uploads\/2025\/12\/Design-sem-nome-29-130x75.png 130w\" sizes=\"(max-width:767px) 260px, 260px\" \/>\t\t\t\t\t\t\t\t<\/a>\n\t\t\t\t\t\t\t\t\t\t\t<figcaption class=\"widget-image-caption wp-caption-text\">Laboratorio de Modelizaci\u00f3n y Geof\u00edsica Computacional - LAMEMO<\/figcaption>\n\t\t\t\t\t\t\t\t\t\t<\/figure>\n\t\t\t\t\t\t\t\t\t<\/div>\n\t\t\t\t<\/div>\n\t\t\t\t<\/div>\n\t\t<div class=\"elementor-element elementor-element-4991e4e e-con-full e-flex e-con e-child\" data-id=\"4991e4e\" data-element_type=\"container\" data-e-type=\"container\">\n\t\t\t\t<div class=\"elementor-element elementor-element-2583ae6 elementor-widget elementor-widget-image\" data-id=\"2583ae6\" data-element_type=\"widget\" data-e-type=\"widget\" data-widget_type=\"image.default\">\n\t\t\t\t<div class=\"elementor-widget-container\">\n\t\t\t\t\t\t\t\t\t\t\t\t<figure class=\"wp-caption\">\n\t\t\t\t\t\t\t\t\t\t\t<a href=\"https:\/\/coc.ufrj.br\/es\/laboratorio-de-estructuras-y-materiales-prof-lobo-carneiro-labest\/\">\n\t\t\t\t\t\t\t<img decoding=\"async\" width=\"260\" height=\"150\" src=\"https:\/\/coc.ufrj.br\/wp-content\/uploads\/2025\/12\/Labpec-4.png\" class=\"attachment-large size-large wp-image-59582\" alt=\"\" srcset=\"https:\/\/coc.ufrj.br\/wp-content\/uploads\/2025\/12\/Labpec-4.png 260w, https:\/\/coc.ufrj.br\/wp-content\/uploads\/2025\/12\/Labpec-4-205x118.png 205w, https:\/\/coc.ufrj.br\/wp-content\/uploads\/2025\/12\/Labpec-4-130x75.png 130w\" sizes=\"(max-width:767px) 260px, 260px\" \/>\t\t\t\t\t\t\t\t<\/a>\n\t\t\t\t\t\t\t\t\t\t\t<figcaption class=\"widget-image-caption wp-caption-text\">Laboratorio de Estructuras y Materiales Prof. Lobo Carneiro - LABEST<\/figcaption>\n\t\t\t\t\t\t\t\t\t\t<\/figure>\n\t\t\t\t\t\t\t\t\t<\/div>\n\t\t\t\t<\/div>\n\t\t\t\t<\/div>\n\t\t<div class=\"elementor-element elementor-element-3792597 e-con-full e-flex e-con e-child\" data-id=\"3792597\" data-element_type=\"container\" data-e-type=\"container\">\n\t\t\t\t<div class=\"elementor-element elementor-element-2d9aac5 elementor-widget elementor-widget-image\" data-id=\"2d9aac5\" data-element_type=\"widget\" data-e-type=\"widget\" data-widget_type=\"image.default\">\n\t\t\t\t<div class=\"elementor-widget-container\">\n\t\t\t\t\t\t\t\t\t\t\t\t<figure class=\"wp-caption\">\n\t\t\t\t\t\t\t\t\t\t\t<a href=\"https:\/\/coc.ufrj.br\/es\/prof-jacques-medina-laboratorio-de-geotecnia-labgeo\/\">\n\t\t\t\t\t\t\t<img decoding=\"async\" width=\"260\" height=\"150\" src=\"https:\/\/coc.ufrj.br\/wp-content\/uploads\/2025\/12\/Labpec-2.png\" class=\"attachment-large size-large wp-image-59579\" alt=\"\" srcset=\"https:\/\/coc.ufrj.br\/wp-content\/uploads\/2025\/12\/Labpec-2.png 260w, https:\/\/coc.ufrj.br\/wp-content\/uploads\/2025\/12\/Labpec-2-205x118.png 205w, https:\/\/coc.ufrj.br\/wp-content\/uploads\/2025\/12\/Labpec-2-130x75.png 130w\" sizes=\"(max-width:767px) 260px, 260px\" \/>\t\t\t\t\t\t\t\t<\/a>\n\t\t\t\t\t\t\t\t\t\t\t<figcaption class=\"widget-image-caption wp-caption-text\">Prof Jacques Medina Laboratorio de Geotecnia - LABGEO<\/figcaption>\n\t\t\t\t\t\t\t\t\t\t<\/figure>\n\t\t\t\t\t\t\t\t\t<\/div>\n\t\t\t\t<\/div>\n\t\t\t\t<\/div>\n\t\t<div class=\"elementor-element elementor-element-0853eee e-con-full e-flex e-con e-child\" data-id=\"0853eee\" data-element_type=\"container\" data-e-type=\"container\">\n\t\t\t\t<div class=\"elementor-element elementor-element-ed6a49b elementor-widget elementor-widget-image\" data-id=\"ed6a49b\" data-element_type=\"widget\" data-e-type=\"widget\" data-widget_type=\"image.default\">\n\t\t\t\t<div class=\"elementor-widget-container\">\n\t\t\t\t\t\t\t\t\t\t\t\t<figure class=\"wp-caption\">\n\t\t\t\t\t\t\t\t\t\t\t<a href=\"https:\/\/coc.ufrj.br\/es\/laboratorio-de-recursos-hidricos-y-medio-ambiente-labh2o\/\">\n\t\t\t\t\t\t\t<img loading=\"lazy\" decoding=\"async\" width=\"260\" height=\"150\" src=\"https:\/\/coc.ufrj.br\/wp-content\/uploads\/2025\/12\/Design-sem-nome-26.png\" class=\"attachment-large size-large wp-image-59115\" alt=\"\" srcset=\"https:\/\/coc.ufrj.br\/wp-content\/uploads\/2025\/12\/Design-sem-nome-26.png 260w, https:\/\/coc.ufrj.br\/wp-content\/uploads\/2025\/12\/Design-sem-nome-26-205x118.png 205w, https:\/\/coc.ufrj.br\/wp-content\/uploads\/2025\/12\/Design-sem-nome-26-130x75.png 130w\" sizes=\"(max-width:767px) 260px, 260px\" \/>\t\t\t\t\t\t\t\t<\/a>\n\t\t\t\t\t\t\t\t\t\t\t<figcaption class=\"widget-image-caption wp-caption-text\">Laboratorio de Recursos H\u00eddricos y Medio Ambiente - LABH2O<\/figcaption>\n\t\t\t\t\t\t\t\t\t\t<\/figure>\n\t\t\t\t\t\t\t\t\t<\/div>\n\t\t\t\t<\/div>\n\t\t\t\t<\/div>\n\t\t\t\t\t<\/div>\n\t\t\t\t<\/div>\n\t\t<div class=\"elementor-element elementor-element-31af6ba e-flex e-con-boxed e-con e-parent\" data-id=\"31af6ba\" data-element_type=\"container\" data-e-type=\"container\">\n\t\t\t\t\t<div class=\"e-con-inner\">\n\t\t<div class=\"elementor-element elementor-element-082ae9c e-con-full e-flex e-con e-child\" data-id=\"082ae9c\" data-element_type=\"container\" data-e-type=\"container\">\n\t\t\t\t<div class=\"elementor-element elementor-element-1756823 elementor-widget elementor-widget-image\" data-id=\"1756823\" data-element_type=\"widget\" data-e-type=\"widget\" data-widget_type=\"image.default\">\n\t\t\t\t<div class=\"elementor-widget-container\">\n\t\t\t\t\t\t\t\t\t\t\t\t<figure class=\"wp-caption\">\n\t\t\t\t\t\t\t\t\t\t\t<a href=\"https:\/\/coc.ufrj.br\/es\/laboratorio-de-analisis-y-fiabilidad-de-estructuras-marinas-laceo\/\">\n\t\t\t\t\t\t\t<img loading=\"lazy\" decoding=\"async\" width=\"260\" height=\"150\" src=\"https:\/\/coc.ufrj.br\/wp-content\/uploads\/2025\/12\/Design-sem-nome-28.png\" class=\"attachment-large size-large wp-image-59116\" alt=\"\" srcset=\"https:\/\/coc.ufrj.br\/wp-content\/uploads\/2025\/12\/Design-sem-nome-28.png 260w, https:\/\/coc.ufrj.br\/wp-content\/uploads\/2025\/12\/Design-sem-nome-28-205x118.png 205w, https:\/\/coc.ufrj.br\/wp-content\/uploads\/2025\/12\/Design-sem-nome-28-130x75.png 130w\" sizes=\"(max-width:767px) 260px, 260px\" \/>\t\t\t\t\t\t\t\t<\/a>\n\t\t\t\t\t\t\t\t\t\t\t<figcaption class=\"widget-image-caption wp-caption-text\">Laboratorio de An\u00e1lisis y Fiabilidad de Estructuras Marinas - LACEO<\/figcaption>\n\t\t\t\t\t\t\t\t\t\t<\/figure>\n\t\t\t\t\t\t\t\t\t<\/div>\n\t\t\t\t<\/div>\n\t\t\t\t<\/div>\n\t\t<div class=\"elementor-element elementor-element-eac163a e-con-full e-flex e-con e-child\" data-id=\"eac163a\" data-element_type=\"container\" data-e-type=\"container\">\n\t\t\t\t<div class=\"elementor-element elementor-element-e5cfb98 elementor-widget elementor-widget-image\" data-id=\"e5cfb98\" data-element_type=\"widget\" data-e-type=\"widget\" data-widget_type=\"image.default\">\n\t\t\t\t<div class=\"elementor-widget-container\">\n\t\t\t\t\t\t\t\t\t\t\t\t<figure class=\"wp-caption\">\n\t\t\t\t\t\t\t\t\t\t\t<a href=\"https:\/\/coc.ufrj.br\/es\/laboratorio-de-metodos-computacionales-en-ingenieria-lamce\/\">\n\t\t\t\t\t\t\t<img loading=\"lazy\" decoding=\"async\" width=\"260\" height=\"150\" src=\"https:\/\/coc.ufrj.br\/wp-content\/uploads\/2025\/12\/Design-sem-nome-30.png\" class=\"attachment-large size-large wp-image-59118\" alt=\"\" srcset=\"https:\/\/coc.ufrj.br\/wp-content\/uploads\/2025\/12\/Design-sem-nome-30.png 260w, https:\/\/coc.ufrj.br\/wp-content\/uploads\/2025\/12\/Design-sem-nome-30-205x118.png 205w, https:\/\/coc.ufrj.br\/wp-content\/uploads\/2025\/12\/Design-sem-nome-30-130x75.png 130w\" sizes=\"(max-width:767px) 260px, 260px\" \/>\t\t\t\t\t\t\t\t<\/a>\n\t\t\t\t\t\t\t\t\t\t\t<figcaption class=\"widget-image-caption wp-caption-text\">Laboratorio de M\u00e9todos Computacionales en Ingenier\u00eda - LAMCE<\/figcaption>\n\t\t\t\t\t\t\t\t\t\t<\/figure>\n\t\t\t\t\t\t\t\t\t<\/div>\n\t\t\t\t<\/div>\n\t\t\t\t<\/div>\n\t\t<div class=\"elementor-element elementor-element-d13e9a6 e-con-full e-flex e-con e-child\" data-id=\"d13e9a6\" data-element_type=\"container\" data-e-type=\"container\">\n\t\t\t\t<div class=\"elementor-element elementor-element-1b79cef elementor-widget elementor-widget-image\" data-id=\"1b79cef\" data-element_type=\"widget\" data-e-type=\"widget\" data-widget_type=\"image.default\">\n\t\t\t\t<div class=\"elementor-widget-container\">\n\t\t\t\t\t\t\t\t\t\t\t\t<figure class=\"wp-caption\">\n\t\t\t\t\t\t\t\t\t\t\t<a href=\"https:\/\/coc.ufrj.br\/es\/laboratorio-de-metodos-computacionales-y-sistemas-offshore-lamcso\/\">\n\t\t\t\t\t\t\t<img loading=\"lazy\" decoding=\"async\" width=\"260\" height=\"150\" src=\"https:\/\/coc.ufrj.br\/wp-content\/uploads\/2025\/12\/Design-sem-nome-32.png\" class=\"attachment-large size-large wp-image-59119\" alt=\"\" srcset=\"https:\/\/coc.ufrj.br\/wp-content\/uploads\/2025\/12\/Design-sem-nome-32.png 260w, https:\/\/coc.ufrj.br\/wp-content\/uploads\/2025\/12\/Design-sem-nome-32-205x118.png 205w, https:\/\/coc.ufrj.br\/wp-content\/uploads\/2025\/12\/Design-sem-nome-32-130x75.png 130w\" sizes=\"(max-width:767px) 260px, 260px\" \/>\t\t\t\t\t\t\t\t<\/a>\n\t\t\t\t\t\t\t\t\t\t\t<figcaption class=\"widget-image-caption wp-caption-text\">Laboratorio de M\u00e9todos Computacionales y Sistemas Offshore - LAMCSO<\/figcaption>\n\t\t\t\t\t\t\t\t\t\t<\/figure>\n\t\t\t\t\t\t\t\t\t<\/div>\n\t\t\t\t<\/div>\n\t\t\t\t<\/div>\n\t\t<div class=\"elementor-element elementor-element-eb43a9a e-con-full e-flex e-con e-child\" data-id=\"eb43a9a\" data-element_type=\"container\" data-e-type=\"container\">\n\t\t\t\t<div class=\"elementor-element elementor-element-f7c0b98 elementor-widget elementor-widget-image\" data-id=\"f7c0b98\" data-element_type=\"widget\" data-e-type=\"widget\" data-widget_type=\"image.default\">\n\t\t\t\t<div class=\"elementor-widget-container\">\n\t\t\t\t\t\t\t\t\t\t\t\t<figure class=\"wp-caption\">\n\t\t\t\t\t\t\t\t\t\t\t<a href=\"https:\/\/coc.ufrj.br\/es\/laboratorio-de-mecanica-computacional-lamec\/\">\n\t\t\t\t\t\t\t<img loading=\"lazy\" decoding=\"async\" width=\"260\" height=\"150\" src=\"https:\/\/coc.ufrj.br\/wp-content\/uploads\/2025\/12\/Labpec-1.png\" class=\"attachment-large size-large wp-image-59580\" alt=\"\" srcset=\"https:\/\/coc.ufrj.br\/wp-content\/uploads\/2025\/12\/Labpec-1.png 260w, https:\/\/coc.ufrj.br\/wp-content\/uploads\/2025\/12\/Labpec-1-205x118.png 205w, https:\/\/coc.ufrj.br\/wp-content\/uploads\/2025\/12\/Labpec-1-130x75.png 130w\" sizes=\"(max-width:767px) 260px, 260px\" \/>\t\t\t\t\t\t\t\t<\/a>\n\t\t\t\t\t\t\t\t\t\t\t<figcaption class=\"widget-image-caption wp-caption-text\">Laboratorio de Mec\u00e1nica Computacional - LAMEC<\/figcaption>\n\t\t\t\t\t\t\t\t\t\t<\/figure>\n\t\t\t\t\t\t\t\t\t<\/div>\n\t\t\t\t<\/div>\n\t\t\t\t<\/div>\n\t\t\t\t\t<\/div>\n\t\t\t\t<\/div>\n\t\t<div class=\"elementor-element elementor-element-6d8ccb5 e-flex e-con-boxed e-con e-parent\" data-id=\"6d8ccb5\" data-element_type=\"container\" data-e-type=\"container\">\n\t\t\t\t\t<div class=\"e-con-inner\">\n\t\t<div class=\"elementor-element elementor-element-2007fbd e-con-full e-flex e-con e-child\" data-id=\"2007fbd\" data-element_type=\"container\" data-e-type=\"container\">\n\t\t\t\t<div class=\"elementor-element elementor-element-4827a86 elementor-widget elementor-widget-image\" data-id=\"4827a86\" data-element_type=\"widget\" data-e-type=\"widget\" data-widget_type=\"image.default\">\n\t\t\t\t<div class=\"elementor-widget-container\">\n\t\t\t\t\t\t\t\t\t\t\t\t<figure class=\"wp-caption\">\n\t\t\t\t\t\t\t\t\t\t\t<a href=\"https:\/\/coc.ufrj.br\/es\/laboratorio-de-informatica-labpec\/\">\n\t\t\t\t\t\t\t<img loading=\"lazy\" decoding=\"async\" width=\"260\" height=\"150\" src=\"https:\/\/coc.ufrj.br\/wp-content\/uploads\/2025\/12\/Labpec.png\" class=\"attachment-large size-large wp-image-59578\" alt=\"\" srcset=\"https:\/\/coc.ufrj.br\/wp-content\/uploads\/2025\/12\/Labpec.png 260w, https:\/\/coc.ufrj.br\/wp-content\/uploads\/2025\/12\/Labpec-205x118.png 205w, https:\/\/coc.ufrj.br\/wp-content\/uploads\/2025\/12\/Labpec-130x75.png 130w\" sizes=\"(max-width:767px) 260px, 260px\" \/>\t\t\t\t\t\t\t\t<\/a>\n\t\t\t\t\t\t\t\t\t\t\t<figcaption class=\"widget-image-caption wp-caption-text\">Laboratorio de Inform\u00e1tica - LABPEC<\/figcaption>\n\t\t\t\t\t\t\t\t\t\t<\/figure>\n\t\t\t\t\t\t\t\t\t<\/div>\n\t\t\t\t<\/div>\n\t\t\t\t<\/div>\n\t\t<div class=\"elementor-element elementor-element-5a0cba2 e-con-full e-flex e-con e-child\" data-id=\"5a0cba2\" data-element_type=\"container\" data-e-type=\"container\">\n\t\t\t\t<div class=\"elementor-element elementor-element-cf5ce37 elementor-widget elementor-widget-image\" data-id=\"cf5ce37\" data-element_type=\"widget\" data-e-type=\"widget\" data-widget_type=\"image.default\">\n\t\t\t\t<div class=\"elementor-widget-container\">\n\t\t\t\t\t\t\t\t\t\t\t\t<figure class=\"wp-caption\">\n\t\t\t\t\t\t\t\t\t\t\t<a href=\"https:\/\/coc.ufrj.br\/es\/centro-de-transferencia-de-tecnologia-ntt\/\">\n\t\t\t\t\t\t\t<img loading=\"lazy\" decoding=\"async\" width=\"260\" height=\"150\" src=\"https:\/\/coc.ufrj.br\/wp-content\/uploads\/2025\/12\/Design-sem-nome-33.png\" class=\"attachment-large size-large wp-image-59120\" alt=\"\" srcset=\"https:\/\/coc.ufrj.br\/wp-content\/uploads\/2025\/12\/Design-sem-nome-33.png 260w, https:\/\/coc.ufrj.br\/wp-content\/uploads\/2025\/12\/Design-sem-nome-33-205x118.png 205w, https:\/\/coc.ufrj.br\/wp-content\/uploads\/2025\/12\/Design-sem-nome-33-130x75.png 130w\" sizes=\"(max-width:767px) 260px, 260px\" \/>\t\t\t\t\t\t\t\t<\/a>\n\t\t\t\t\t\t\t\t\t\t\t<figcaption class=\"widget-image-caption wp-caption-text\">Centro de Transferencia de Tecnolog\u00eda - NTT<\/figcaption>\n\t\t\t\t\t\t\t\t\t\t<\/figure>\n\t\t\t\t\t\t\t\t\t<\/div>\n\t\t\t\t<\/div>\n\t\t\t\t<\/div>\n\t\t<div class=\"elementor-element elementor-element-f1b0671 e-con-full e-flex e-con e-child\" data-id=\"f1b0671\" data-element_type=\"container\" data-e-type=\"container\">\n\t\t\t\t<div class=\"elementor-element elementor-element-7f40ab4 elementor-widget elementor-widget-image\" data-id=\"7f40ab4\" data-element_type=\"widget\" data-e-type=\"widget\" data-widget_type=\"image.default\">\n\t\t\t\t<div class=\"elementor-widget-container\">\n\t\t\t\t\t\t\t\t\t\t\t\t<figure class=\"wp-caption\">\n\t\t\t\t\t\t\t\t\t\t\t<a href=\"https:\/\/coc.ufrj.br\/es\/laboratorio-de-recuperacion-avanzada-de-petroleo-lrap\/\">\n\t\t\t\t\t\t\t<img loading=\"lazy\" decoding=\"async\" width=\"260\" height=\"150\" src=\"https:\/\/coc.ufrj.br\/wp-content\/uploads\/2025\/12\/Design-sem-nome-34.png\" class=\"attachment-large size-large wp-image-59121\" alt=\"\" srcset=\"https:\/\/coc.ufrj.br\/wp-content\/uploads\/2025\/12\/Design-sem-nome-34.png 260w, https:\/\/coc.ufrj.br\/wp-content\/uploads\/2025\/12\/Design-sem-nome-34-205x118.png 205w, https:\/\/coc.ufrj.br\/wp-content\/uploads\/2025\/12\/Design-sem-nome-34-130x75.png 130w\" sizes=\"(max-width:767px) 260px, 260px\" \/>\t\t\t\t\t\t\t\t<\/a>\n\t\t\t\t\t\t\t\t\t\t\t<figcaption class=\"widget-image-caption wp-caption-text\">Laboratorio de Recuperaci\u00f3n Avanzada de Petr\u00f3leo - LRAP<\/figcaption>\n\t\t\t\t\t\t\t\t\t\t<\/figure>\n\t\t\t\t\t\t\t\t\t<\/div>\n\t\t\t\t<\/div>\n\t\t\t\t<\/div>\n\t\t<div class=\"elementor-element elementor-element-3449c53 e-con-full e-flex e-con e-child\" data-id=\"3449c53\" data-element_type=\"container\" data-e-type=\"container\">\n\t\t\t\t<\/div>\n\t\t\t\t\t<\/div>\n\t\t\t\t<\/div>\n\t\t<div class=\"elementor-element elementor-element-fcf7330 e-flex e-con-boxed e-con e-parent\" data-id=\"fcf7330\" data-element_type=\"container\" data-e-type=\"container\">\n\t\t\t\t\t<div class=\"e-con-inner\">\n\t\t\t\t<div class=\"elementor-element elementor-element-eb8ca97 elementor-widget elementor-widget-spacer\" data-id=\"eb8ca97\" data-element_type=\"widget\" data-e-type=\"widget\" data-widget_type=\"spacer.default\">\n\t\t\t\t<div class=\"elementor-widget-container\">\n\t\t\t\t\t\t\t<div class=\"elementor-spacer\">\n\t\t\t<div class=\"elementor-spacer-inner\"><\/div>\n\t\t<\/div>\n\t\t\t\t\t\t<\/div>\n\t\t\t\t<\/div>\n\t\t\t\t\t<\/div>\n\t\t\t\t<\/div>\n\t\t\t\t<\/div>\n\t\t","protected":false},"excerpt":{"rendered":"<p>Laboratorios El Programa de Ingenier\u00eda Civil (PEC) cuenta con una amplia y especializada infraestructura formada por diversos laboratorios que desempe\u00f1an un papel esencial en el apoyo<span class=\"excerpt-hellip\"> [\u2026]<\/span><\/p>\n","protected":false},"author":1,"featured_media":0,"parent":0,"menu_order":0,"comment_status":"closed","ping_status":"closed","template":"","meta":{"footnotes":""},"class_list":["post-57838","page","type-page","status-publish","hentry"],"_links":{"self":[{"href":"https:\/\/coc.ufrj.br\/es\/wp-json\/wp\/v2\/pages\/57838","targetHints":{"allow":["GET"]}}],"collection":[{"href":"https:\/\/coc.ufrj.br\/es\/wp-json\/wp\/v2\/pages"}],"about":[{"href":"https:\/\/coc.ufrj.br\/es\/wp-json\/wp\/v2\/types\/page"}],"author":[{"embeddable":true,"href":"https:\/\/coc.ufrj.br\/es\/wp-json\/wp\/v2\/users\/1"}],"replies":[{"embeddable":true,"href":"https:\/\/coc.ufrj.br\/es\/wp-json\/wp\/v2\/comments?post=57838"}],"version-history":[{"count":13,"href":"https:\/\/coc.ufrj.br\/es\/wp-json\/wp\/v2\/pages\/57838\/revisions"}],"predecessor-version":[{"id":60192,"href":"https:\/\/coc.ufrj.br\/es\/wp-json\/wp\/v2\/pages\/57838\/revisions\/60192"}],"wp:attachment":[{"href":"https:\/\/coc.ufrj.br\/es\/wp-json\/wp\/v2\/media?parent=57838"}],"curies":[{"name":"wp","href":"https:\/\/api.w.org\/{rel}","templated":true}]}}